{"id":1299,"date":"2015-08-11T06:16:34","date_gmt":"2015-08-11T04:16:34","guid":{"rendered":"http:\/\/dentall.stylemixthemes.com\/demo\/?page_id=2"},"modified":"2024-09-27T09:19:37","modified_gmt":"2024-09-27T07:19:37","slug":"sample-page","status":"publish","type":"page","link":"https:\/\/martomedica.pl\/","title":{"rendered":"Home"},"content":{"rendered":"<div class=\"wpb-content-wrapper\"><p>[vc_row css=&#8221;.vc_custom_1439796249329{margin-bottom: 0px !important;}&#8221;][vc_column][rev_slider_vc alias=&#8221;main_slider&#8221;][\/vc_column][\/vc_row][vc_row el_class=&#8221;overflowed_content&#8221; css=&#8221;.vc_custom_1530080684807{margin-bottom: 0px !important;}&#8221;][vc_column width=&#8221;1\/5&#8243; css=&#8221;.vc_custom_1530080698409{margin-top: -100px !important;padding-right: 0px !important;}&#8221;][stm_icon_box title_font_size=&#8221;16&#8243; icon=&#8221;stm-icon-molar-1&#8243; style=&#8221;icon_right&#8221; icon_size=&#8221;80&#8243; animation=&#8221;enable&#8221; draw=&#8221;enable&#8221; draw_width=&#8221;80&#8243; icon_width=&#8221;100&#8243; title=&#8221;Stomatologia zachowawcza&#8221; css=&#8221;.vc_custom_1659605990700{padding-top: 45px !important;padding-right: 40px !important;padding-bottom: 45px !important;padding-left: 10px !important;}&#8221; link=&#8221;url:http%3A%2F%2Fmartomedica.pl%2Findex.php%2Fstomatologia-zachowawcza%2F|||&#8221; el_class=&#8221;base_background_color mobile_adaptive&#8221;][\/stm_icon_box][\/vc_column][vc_column width=&#8221;1\/5&#8243; css=&#8221;.vc_custom_1530887701856{margin-top: -100px !important;padding-right: 0px !important;padding-left: 0px !important;}&#8221;][stm_icon_box title_font_size=&#8221;16&#8243; title_font_weight=&#8221;600&#8243; icon=&#8221;stm-icon-molar-and-roots&#8221; style=&#8221;icon_right&#8221; icon_size=&#8221;80&#8243; animation=&#8221;enable&#8221; title=&#8221;Protetyka&#8221; css=&#8221;.vc_custom_1659605982082{padding-top: 45px !important;padding-right: 40px !important;padding-bottom: 45px !important;padding-left: 15px !important;background-color: #4c6575 !important;}&#8221; link=&#8221;url:http%3A%2F%2Fmartomedica.pl%2Findex.php%2Fleczenie%2Fprotetyka%2F|||&#8221; el_class=&#8221;mobile_adaptive&#8221;][\/stm_icon_box][\/vc_column][vc_column width=&#8221;1\/5&#8243; css=&#8221;.vc_custom_1530887719606{margin-top: -100px !important;padding-right: 0px !important;padding-left: 0px !important;}&#8221;][stm_icon_box title_font_size=&#8221;16&#8243; title_font_weight=&#8221;600&#8243; icon=&#8221;stm-icon-braces&#8221; style=&#8221;icon_right&#8221; icon_size=&#8221;80&#8243; animation=&#8221;enable&#8221; title=&#8221;Ortodoncja&#8221; css=&#8221;.vc_custom_1659605986334{padding-top: 45px !important;padding-right: 40px !important;padding-bottom: 45px !important;padding-left: 15px !important;background-color: #4c6575 !important;}&#8221; link=&#8221;url:http%3A%2F%2Fmartomedica.pl%2Findex.php%2Fortodoncja%2F|||&#8221; el_class=&#8221;secondary_background_color mobile_adaptive&#8221;][\/stm_icon_box][\/vc_column][vc_column width=&#8221;1\/5&#8243; css=&#8221;.vc_custom_1530887734480{margin-top: -100px !important;padding-right: 0px !important;padding-left: 0px !important;}&#8221;][stm_icon_box title_font_size=&#8221;16&#8243; title_font_weight=&#8221;600&#8243; icon=&#8221;stm-icon-tooth-12&#8243; style=&#8221;icon_right&#8221; icon_size=&#8221;80&#8243; animation=&#8221;enable&#8221; title=&#8221;Implantologia&#8221; css=&#8221;.vc_custom_1659605994571{padding-top: 45px !important;padding-right: 40px !important;padding-bottom: 45px !important;padding-left: 15px !important;}&#8221; link=&#8221;url:http%3A%2F%2Fmartomedica.pl%2Findex.php%2Fimplantologia%2F|||&#8221; el_class=&#8221;base_background_color mobile_adaptive&#8221;][\/stm_icon_box][\/vc_column][vc_column width=&#8221;1\/5&#8243; css=&#8221;.vc_custom_1530887750980{margin-top: -100px !important;padding-left: 0px !important;}&#8221;][stm_icon_box title_font_size=&#8221;16&#8243; title_font_weight=&#8221;600&#8243; icon=&#8221;stm-icon-tooth-7&#8243; style=&#8221;icon_right&#8221; icon_size=&#8221;80&#8243; animation=&#8221;enable&#8221; title=&#8221;RTG z\u0119ba<br \/>\nPantomogram&#8221; css=&#8221;.vc_custom_1659605999846{padding-top: 45px !important;padding-right: 40px !important;padding-bottom: 45px !important;padding-left: 10px !important;background-color: #4c6575 !important;}&#8221; link=&#8221;url:http%3A%2F%2Fmartomedica.pl%2Findex.php%2Fleczenie%2Fdiagnostyka%2F|||&#8221; el_class=&#8221;secondary_background_color mobile_adaptive&#8221;][\/stm_icon_box][\/vc_column][\/vc_row][vc_row el_class=&#8221;table_block&#8221; css=&#8221;.vc_custom_1439899405856{margin-bottom: 0px !important;}&#8221;][vc_column css=&#8221;.vc_custom_1530104622939{padding-top: 10px !important;padding-bottom: 10px !important;}&#8221;][vc_custom_heading text=&#8221;O nas&#8221; font_container=&#8221;tag:h2|text_align:left|color:%234c4c4c&#8221; use_theme_fonts=&#8221;yes&#8221; css=&#8221;.vc_custom_1530047871790{margin-bottom: 20px !important;}&#8221;][vc_column_text]<\/p>\n<p style=\"text-align: justify;\"><img decoding=\"async\" class=\"size-medium wp-image-1850 alignleft lazyload\" data-src=\"http:\/\/martomedica.pl\/wp-content\/uploads\/2018\/08\/IMG_20180809_222502-300x228.jpg\" alt=\"\" width=\"300\" height=\"228\" data-srcset=\"https:\/\/martomedica.pl\/wp-content\/uploads\/2018\/08\/IMG_20180809_222502-300x228.jpg 300w, https:\/\/martomedica.pl\/wp-content\/uploads\/2018\/08\/IMG_20180809_222502-768x585.jpg 768w, https:\/\/martomedica.pl\/wp-content\/uploads\/2018\/08\/IMG_20180809_222502-1024x779.jpg 1024w, https:\/\/martomedica.pl\/wp-content\/uploads\/2018\/08\/IMG_20180809_222502-600x457.jpg 600w, https:\/\/martomedica.pl\/wp-content\/uploads\/2018\/08\/IMG_20180809_222502.jpg 1419w\" data-sizes=\"(max-width: 300px) 100vw, 300px\" src=\"data:image\/svg+xml;base64,PHN2ZyB3aWR0aD0iMSIgaGVpZ2h0PSIxIiB4bWxucz0iaHR0cDovL3d3dy53My5vcmcvMjAwMC9zdmciPjwvc3ZnPg==\" style=\"--smush-placeholder-width: 300px; --smush-placeholder-aspect-ratio: 300\/228;\" \/>Martomedica to nowoczesna klinika stomatologiczna dzia\u0142aj\u0105ca w Warszawie. Swoj\u0105 ofer kierujemy do wszystkich pacjent\u00f3w, kt\u00f3rzy chc\u0105 kompleksowo zadba\u0107 o sw\u00f3j u\u015bmiech i ceni\u0105 sw czas. Dzi\u0119ki indywidualnemu podej\u015bciu, ka\u017cdy mo\u017ce liczy\u0107 u nas na fachow\u0105 pomoc i szybko rozwi\u0105zanie problemu bez stresu i b\u00f3lu. Mamy nadziej\u0119, \u017ce b\u0119d\u0105 Pa\u0144stwo w pe\u0142ni zadowoleni naszych us\u0142ug!<\/p>\n<div class=\"page\" title=\"Page 1\">\n<div class=\"section\">\n<div class=\"layoutArea\">\n<div class=\"column\">\n<p style=\"text-align: justify;\">Wychodzimy naprzeciwko oczekiwaniom i potrzebom pacjent\u00f3w szukaj\u0105cych najwy\u017cszej jako opieki stomatologicznej oraz przyst\u0119pnych cen \u2013 cennik w naszych gabinetach zosta\u0142 opracowany tak, aby nasi pacjenci mogli korzysta\u0107 z fachowej opieki po przyst\u0119pnych cenach.<\/p>\n<\/div>\n<\/div>\n<\/div>\n<\/div>\n<p>[\/vc_column_text][\/vc_column][\/vc_row][vc_row full_width=&#8221;stretch_row&#8221; css=&#8221;.vc_custom_1530214046821{padding-top: 20px !important;padding-bottom: 20px !important;background-color: #4c6575 !important;}&#8221;][vc_column css=&#8221;.vc_custom_1443264932250{padding-top: 30px !important;padding-bottom: 30px !important;}&#8221;][\/vc_column][\/vc_row][vc_row css=&#8221;.vc_custom_1530046690468{margin-top: 50px !important;margin-bottom: 70px !important;}&#8221;][vc_column][stm_testimonials count=&#8221;4&#8243; testimonials_to_show=&#8221;3&#8243; title=&#8221;Nasi zadowoleni pacjenci&#8221;][\/vc_column][\/vc_row][vc_row full_width=&#8221;stretch_row&#8221; css=&#8221;.vc_custom_1443254699136{margin-bottom: 0px !important;padding-top: 60px !important;padding-bottom: 40px !important;}&#8221; el_class=&#8221;base_background_color&#8221;][vc_column][vc_custom_heading text=&#8221;&#8221; font_container=&#8221;tag:h2|text_align:left|color:%234c4c4c&#8221; use_theme_fonts=&#8221;yes&#8221; css=&#8221;.vc_custom_1530046742665{margin-bottom: 40px !important;}&#8221;][vc_row_inner][vc_column_inner width=&#8221;1\/5&#8243; offset=&#8221;vc_col-lg-3 vc_col-md-3&#8243; css=&#8221;.vc_custom_1443254710022{padding-bottom: 40px !important;}&#8221;][stm_icon_box title_font_size=&#8221;24&#8243; title_font_weight=&#8221;300&#8243; icon=&#8221;fa fa-bus&#8221; icon_size=&#8221;52&#8243; icon_height=&#8221;90&#8243; title=&#8221;\u0141atwy dojazd komunikacj\u0105 miejsk\u0105&#8221; link=&#8221;||&#8221; title_color=&#8221;#ffffff&#8221;][\/stm_icon_box][\/vc_column_inner][vc_column_inner width=&#8221;1\/5&#8243; offset=&#8221;vc_col-lg-3 vc_col-md-3&#8243; css=&#8221;.vc_custom_1443254718746{padding-bottom: 40px !important;}&#8221;][stm_icon_box title_font_size=&#8221;24&#8243; title_font_weight=&#8221;300&#8243; icon=&#8221;stm-icon-toothpaste&#8221; icon_size=&#8221;63&#8243; icon_height=&#8221;90&#8243; title=&#8221;Bezp\u0142atny parking dla ka\u017cdego&#8221;][\/stm_icon_box][\/vc_column_inner][vc_column_inner width=&#8221;1\/5&#8243; css=&#8221;.vc_custom_1443254731860{padding-bottom: 40px !important;}&#8221; offset=&#8221;vc_col-lg-3 vc_col-md-3&#8243;][stm_icon_box title_font_size=&#8221;24&#8243; title_font_weight=&#8221;300&#8243; icon=&#8221;stm-icon-tooth-5&#8243; icon_size=&#8221;54&#8243; icon_height=&#8221;90&#8243; title=&#8221;Kompleksowe leczenie&#8221;][\/stm_icon_box][\/vc_column_inner][vc_column_inner width=&#8221;1\/5&#8243; css=&#8221;.vc_custom_1443254742860{padding-bottom: 40px !important;}&#8221; offset=&#8221;vc_col-lg-3 vc_col-md-3&#8243;][stm_icon_box title_font_size=&#8221;24&#8243; title_font_weight=&#8221;300&#8243; icon=&#8221;fa fa-tasks&#8221; icon_size=&#8221;63&#8243; icon_height=&#8221;90&#8243; title=&#8221;Zawsze aktualne promocje&#8221;][\/stm_icon_box][\/vc_column_inner][vc_column_inner width=&#8221;1\/5&#8243;][stm_icon_box title_font_size=&#8221;24&#8243; title_font_weight=&#8221;300&#8243; icon=&#8221;fa fa-credit-card&#8221; icon_size=&#8221;63&#8243; icon_height=&#8221;90&#8243; title=&#8221;Mo\u017cliwa p\u0142atno\u015bci kart\u0105&#8221;][\/stm_icon_box][\/vc_column_inner][\/vc_row_inner][\/vc_column][\/vc_row][vc_row css=&#8221;.vc_custom_1530171746583{margin-bottom: 60px !important;}&#8221; el_id=&#8221;rejestracja&#8221;][vc_column][vc_custom_heading text=&#8221;Rejestracja online&#8221; font_container=&#8221;tag:h2|text_align:left|color:%234c4c4c&#8221; use_theme_fonts=&#8221;yes&#8221; css=&#8221;.vc_custom_1530047415612{margin-top: 50px !important;margin-bottom: 40px !important;}&#8221;]\n<div class=\"wpcf7 no-js\" id=\"wpcf7-f1988-o1\" lang=\"en-US\" dir=\"ltr\" data-wpcf7-id=\"1988\">\n<div class=\"screen-reader-response\"><p role=\"status\" aria-live=\"polite\" aria-atomic=\"true\"><\/p> <ul><\/ul><\/div>\n<form action=\"\/index.php\/wp-json\/wp\/v2\/pages\/1299#wpcf7-f1988-o1\" method=\"post\" class=\"wpcf7-form init\" aria-label=\"Contact form\" novalidate=\"novalidate\" data-status=\"init\">\n<fieldset class=\"hidden-fields-container\"><input type=\"hidden\" name=\"_wpcf7\" value=\"1988\" \/><input type=\"hidden\" name=\"_wpcf7_version\" value=\"6.1.5\" \/><input type=\"hidden\" name=\"_wpcf7_locale\" value=\"en_US\" \/><input type=\"hidden\" name=\"_wpcf7_unit_tag\" value=\"wpcf7-f1988-o1\" \/><input type=\"hidden\" name=\"_wpcf7_container_post\" value=\"0\" \/><input type=\"hidden\" name=\"_wpcf7_posted_data_hash\" value=\"\" \/><input type=\"hidden\" name=\"_wpcf7_recaptcha_response\" value=\"\" \/>\n<\/fieldset>\n<div class=\"row\">\n\t<div class=\"col-lg-8 col-md-8 col-sm-12 col-xs-12\">\n\t\t<div class=\"input-group\">\n\t\t\t<p><span class=\"wpcf7-form-control-wrap\" data-name=\"your-name\"><input size=\"40\" maxlength=\"400\" class=\"wpcf7-form-control wpcf7-text wpcf7-validates-as-required\" aria-required=\"true\" aria-invalid=\"false\" placeholder=\"Imi\u0119\" value=\"\" type=\"text\" name=\"your-name\" \/><\/span><span class=\"input-addon\"><i class=\"stm-icon-man\"><\/i><\/span>\n\t\t\t<\/p>\n\t\t<\/div>\n\t\t<div class=\"input-group\">\n\t\t\t<p><span class=\"wpcf7-form-control-wrap\" data-name=\"date\"><input size=\"40\" maxlength=\"400\" class=\"wpcf7-form-control wpcf7-text wpcf7-validates-as-required walcf7-datetimepicker\" aria-required=\"true\" aria-invalid=\"false\" placeholder=\"Data oraz preferowana godzina wizyty\" value=\"\" type=\"text\" name=\"date\" \/><\/span><span class=\"input-addon\"><i class=\"stm-icon-calculator\"><\/i><\/span>\n\t\t\t<\/p>\n\t\t<\/div>\n\t\t<div class=\"row\">\n\t\t\t<div class=\"col-lg-6 col-md-6 col-sm-12 col-xs-12\">\n\t\t\t\t<div class=\"input-group\">\n\t\t\t\t\t<p><span class=\"wpcf7-form-control-wrap\" data-name=\"phone\"><input size=\"40\" maxlength=\"400\" class=\"wpcf7-form-control wpcf7-tel wpcf7-validates-as-required wpcf7-text wpcf7-validates-as-tel\" aria-required=\"true\" aria-invalid=\"false\" placeholder=\"Telefon\" value=\"\" type=\"tel\" name=\"phone\" \/><\/span><span class=\"input-addon\"><i class=\"stm-icon-roundels\"><\/i><\/span>\n\t\t\t\t\t<\/p>\n\t\t\t\t<\/div>\n\t\t\t<\/div>\n\t\t\t<div class=\"col-lg-6 col-md-6 col-sm-12 col-xs-12\">\n\t\t\t\t<div class=\"input-group\">\n\t\t\t\t\t<p><span class=\"wpcf7-form-control-wrap\" data-name=\"email\"><input size=\"40\" maxlength=\"400\" class=\"wpcf7-form-control wpcf7-email wpcf7-validates-as-required wpcf7-text wpcf7-validates-as-email\" aria-required=\"true\" aria-invalid=\"false\" placeholder=\"E-mail\" value=\"\" type=\"email\" name=\"email\" \/><\/span><span class=\"input-addon\"><i class=\"fa fa-envelope-o\"><\/i><\/span>\n\t\t\t\t\t<\/p>\n\t\t\t\t<\/div>\n\t\t\t<\/div>\n\t\t<\/div>\n\t\t<div class=\"row\">\n\t\t\t<div class=\"col-lg-6 col-md-6 col-sm-12 col-xs-12\">\n\t\t\t\t<div class=\"input-group\">\n\t\t\t\t<\/div>\n\t\t\t<\/div>\n\t\t\t<div class=\"col-lg-6 col-md-6 col-sm-12 col-xs-12\">\n\t\t\t\t<div class=\"input-group\">\n\t\t\t\t<\/div>\n\t\t\t<\/div>\n\t\t<\/div>\n\t<\/div>\n\t<div class=\"col-lg-4 col-md-4 col-sm-12 col-xs-12\">\n\t\t<div class=\"input-group no-bordered\">\n\t\t\t<p><span class=\"wpcf7-form-control-wrap\" data-name=\"message\"><textarea cols=\"40\" rows=\"10\" maxlength=\"2000\" class=\"wpcf7-form-control wpcf7-textarea wpcf7-validates-as-required\" aria-required=\"true\" aria-invalid=\"false\" placeholder=\"Prosimy wpisa\u0107 charakter wizyty...\" name=\"message\"><\/textarea><\/span>\n\t\t\t<\/p>\n\t\t<\/div>\n\t<\/div>\n<\/div>\n<p>[stmgdpr \"Wyra\u017cam zgod\u0119 na przetwarzanie moich danych osobowych w celu um\u00f3wienia wizyty.\"]\n<\/p>\n<div class=\"row\">\n\t<div class=\"col-lg-6 col-md-6 col-sm-12 col-xs-12\">\n\t\t<div>\n\t\t\n\t\t<\/div>\n\t<\/div>\n\t<div class=\"col-lg-6 col-md-6 col-sm-12 col-xs-12\">\n\t\t<div>\n\t\t\t<p><input class=\"wpcf7-form-control wpcf7-submit has-spinner button square\" type=\"submit\" value=\"Um\u00f3w si\u0119\" \/>\n\t\t\t<\/p>\n\t\t<\/div>\n\t<\/div>\n<\/div><div class=\"wpcf7-response-output\" aria-hidden=\"true\"><\/div>\n<\/form>\n<\/div>\n[\/vc_column][\/vc_row][vc_row full_width=&#8221;stretch_row&#8221; css=&#8221;.vc_custom_1530214087186{margin-bottom: 60px !important;padding-top: 70px !important;padding-bottom: 70px !important;background-color: #4c6575 !important;}&#8221;][vc_column][\/vc_column][\/vc_row][vc_row full_width=&#8221;stretch_row_content_no_spaces&#8221; css=&#8221;.vc_custom_1530210267434{margin-bottom: 0px !important;}&#8221;][vc_column][vc_gmaps link=&#8221;#E-8_JTNDaWZyYW1lJTIwc3JjJTNEJTIyaHR0cHMlM0ElMkYlMkZ3d3cuZ29vZ2xlLmNvbSUyRm1hcHMlMkZlbWJlZCUzRnBiJTNEJTIxMW0xOCUyMTFtMTIlMjExbTMlMjExZDEyMjIuNzMzMzc0MjA1MzM3MiUyMTJkMjAuOTEyNTcxNTc4Njc2NDM4JTIxM2Q1Mi4xOTg1NjQ5OTgwMTQ0OCUyMTJtMyUyMTFmMCUyMTJmMCUyMTNmMCUyMTNtMiUyMTFpMTAyNCUyMTJpNzY4JTIxNGYxMy4xJTIxM20zJTIxMW0yJTIxMXMweDQ3MTkzNGI4NzY5YjE4MTElMjUzQTB4MjRhODRjNjE4ZGUyYmI2YSUyMTJzTWFydG9tZWRpY2ElMjE1ZTAlMjEzbTIlMjExc3BsJTIxMnNwbCUyMTR2MTUzMDIwNTYwNzkxNCUyMiUyMHdpZHRoJTNEJTIyMTAwJTI1JTIyJTIwaGVpZ2h0JTNEJTIyNDU2JTIyJTIwZnJhbWVib3JkZXIlM0QlMjIwJTIyJTIwc3R5bGUlM0QlMjJib3JkZXIlM0EwJTIyJTIwYWxsb3dmdWxsc2NyZWVuJTNFJTNDJTJGaWZyYW1lJTNF&#8221;][\/vc_column][\/vc_row][vc_row css=&#8221;.vc_custom_1530210323797{margin-bottom: 0px !important;}&#8221;][vc_column width=&#8221;2\/3&#8243;][vc_column_text]<br \/>\n[\/vc_column_text][\/vc_column][vc_column width=&#8221;1\/3&#8243; css=&#8221;.vc_custom_1530210364015{margin-top: -462px !important;}&#8221; el_class=&#8221;base_background_color&#8221;][stm_contacts_widget address=&#8221;ul. Ry\u017cowa 9<br \/>\n02-483 Warszawa&#8221; email=&#8221;martomedica@martomedica.pl&#8221; phone=&#8221;22 631 01 94&#8243; hours=&#8221;Poniedzia\u0142ek &#8211; Pi\u0105tek 10.00 &#8211; 20.00&#8243; css=&#8221;.vc_custom_1530224544185{padding-top: 52px !important;padding-right: 35px !important;padding-bottom: 53px !important;padding-left: 35px !important;}&#8221;][\/vc_column][\/vc_row]<\/p>\n<\/div>","protected":false},"excerpt":{"rendered":"<p>[vc_row css=&#8221;.vc_custom_1439796249329{margin-bottom: 0px !important;}&#8221;][vc_column][rev_slider_vc alias=&#8221;main_slider&#8221;][\/vc_column][\/vc_row][vc_row el_class=&#8221;overflowed_content&#8221; css=&#8221;.vc_custom_1530080684807{margin-bottom: 0px !important;}&#8221;][vc_column width=&#8221;1\/5&#8243; css=&#8221;.vc_custom_1530080698409{margin-top: -100px !important;padding-right: 0px !important;}&#8221;][stm_icon_box title_font_size=&#8221;16&#8243; icon=&#8221;stm-icon-molar-1&#8243; style=&#8221;icon_right&#8221; icon_size=&#8221;80&#8243; animation=&#8221;enable&#8221; draw=&#8221;enable&#8221; draw_width=&#8221;80&#8243; icon_width=&#8221;100&#8243; title=&#8221;Stomatologia zachowawcza&#8221; css=&#8221;.vc_custom_1659605990700{padding-top: 45px !important;padding-right: 40px !important;padding-bottom: 45px !important;padding-left: 10px !important;}&#8221; link=&#8221;url:http%3A%2F%2Fmartomedica.pl%2Findex.php%2Fstomatologia-zachowawcza%2F|||&#8221; el_class=&#8221;base_background_color mobile_adaptive&#8221;][\/stm_icon_box][\/vc_column][vc_column width=&#8221;1\/5&#8243; css=&#8221;.vc_custom_1530887701856{margin-top: -100px !important;padding-right: 0px !important;padding-left: 0px !important;}&#8221;][stm_icon_box title_font_size=&#8221;16&#8243; title_font_weight=&#8221;600&#8243; icon=&#8221;stm-icon-molar-and-roots&#8221; style=&#8221;icon_right&#8221; icon_size=&#8221;80&#8243; animation=&#8221;enable&#8221; title=&#8221;Protetyka&#8221; css=&#8221;.vc_custom_1659605982082{padding-top: 45px !important;padding-right: [&hellip;]<\/p>\n","protected":false},"author":4,"featured_media":0,"parent":0,"menu_order":0,"comment_status":"closed","ping_status":"closed","template":"","meta":{"_yoast_wpseo_title":"Stomatolog Warszawa W\u0142ochy\/Bemowo, Ry\u017cowa 9 \u2013 Martomedica","_yoast_wpseo_metadesc":"Martomedica \u2013 profesjonalna klinika stomatologiczna w Warszawie. Oferujemy pe\u0142en zakres us\u0142ug: stomatologia estetyczna, implanty, ortodoncja.","_monsterinsights_skip_tracking":false,"_monsterinsights_sitenote_active":false,"_monsterinsights_sitenote_note":"","_monsterinsights_sitenote_category":0,"footnotes":""},"class_list":["post-1299","page","type-page","status-publish","placeholder-for-hentry"],"yoast_head":"<!-- This site is optimized with the Yoast SEO plugin v27.0 - https:\/\/yoast.com\/product\/yoast-seo-wordpress\/ -->\n<title>Stomatolog Warszawa W\u0142ochy\/Bemowo, Ry\u017cowa 9 \u2013 Martomedica<\/title>\n<meta name=\"description\" content=\"Martomedica \u2013 profesjonalna klinika stomatologiczna w Warszawie. Oferujemy pe\u0142en zakres us\u0142ug: stomatologia estetyczna, implanty, ortodoncja.\" \/>\n<meta name=\"robots\" content=\"index, follow, max-snippet:-1, max-image-preview:large, max-video-preview:-1\" \/>\n<link rel=\"canonical\" href=\"https:\/\/martomedica.pl\/\" \/>\n<meta property=\"og:locale\" content=\"pl_PL\" \/>\n<meta property=\"og:type\" content=\"article\" \/>\n<meta property=\"og:title\" content=\"Stomatolog Warszawa W\u0142ochy\/Bemowo, Ry\u017cowa 9 \u2013 Martomedica\" \/>\n<meta property=\"og:description\" content=\"Martomedica \u2013 profesjonalna klinika stomatologiczna w Warszawie. Oferujemy pe\u0142en zakres us\u0142ug: stomatologia estetyczna, implanty, ortodoncja.\" \/>\n<meta property=\"og:url\" content=\"https:\/\/martomedica.pl\/\" \/>\n<meta property=\"og:site_name\" content=\"Martomedica\" \/>\n<meta property=\"article:modified_time\" content=\"2024-09-27T07:19:37+00:00\" \/>\n<meta property=\"og:image\" content=\"http:\/\/martomedica.pl\/wp-content\/uploads\/2018\/08\/IMG_20180809_222502-300x228.jpg\" \/>\n<meta name=\"twitter:card\" content=\"summary_large_image\" \/>\n<meta name=\"twitter:label1\" content=\"Szacowany czas czytania\" \/>\n\t<meta name=\"twitter:data1\" content=\"3 minuty\" \/>\n<!-- \/ Yoast SEO plugin. -->","yoast_head_json":{"title":"Stomatolog Warszawa W\u0142ochy\/Bemowo, Ry\u017cowa 9 \u2013 Martomedica","description":"Martomedica \u2013 profesjonalna klinika stomatologiczna w Warszawie. Oferujemy pe\u0142en zakres us\u0142ug: stomatologia estetyczna, implanty, ortodoncja.","robots":{"index":"index","follow":"follow","max-snippet":"max-snippet:-1","max-image-preview":"max-image-preview:large","max-video-preview":"max-video-preview:-1"},"canonical":"https:\/\/martomedica.pl\/","og_locale":"pl_PL","og_type":"article","og_title":"Stomatolog Warszawa W\u0142ochy\/Bemowo, Ry\u017cowa 9 \u2013 Martomedica","og_description":"Martomedica \u2013 profesjonalna klinika stomatologiczna w Warszawie. Oferujemy pe\u0142en zakres us\u0142ug: stomatologia estetyczna, implanty, ortodoncja.","og_url":"https:\/\/martomedica.pl\/","og_site_name":"Martomedica","article_modified_time":"2024-09-27T07:19:37+00:00","og_image":[{"url":"http:\/\/martomedica.pl\/wp-content\/uploads\/2018\/08\/IMG_20180809_222502-300x228.jpg","type":"","width":"","height":""}],"twitter_card":"summary_large_image","twitter_misc":{"Szacowany czas czytania":"3 minuty"},"schema":{"@context":"https:\/\/schema.org","@graph":[{"@type":"WebPage","@id":"https:\/\/martomedica.pl\/","url":"https:\/\/martomedica.pl\/","name":"Stomatolog Warszawa W\u0142ochy\/Bemowo, Ry\u017cowa 9 \u2013 Martomedica","isPartOf":{"@id":"https:\/\/martomedica.pl\/#website"},"primaryImageOfPage":{"@id":"https:\/\/martomedica.pl\/#primaryimage"},"image":{"@id":"https:\/\/martomedica.pl\/#primaryimage"},"thumbnailUrl":"http:\/\/martomedica.pl\/wp-content\/uploads\/2018\/08\/IMG_20180809_222502-300x228.jpg","datePublished":"2015-08-11T04:16:34+00:00","dateModified":"2024-09-27T07:19:37+00:00","description":"Martomedica \u2013 profesjonalna klinika stomatologiczna w Warszawie. Oferujemy pe\u0142en zakres us\u0142ug: stomatologia estetyczna, implanty, ortodoncja.","breadcrumb":{"@id":"https:\/\/martomedica.pl\/#breadcrumb"},"inLanguage":"pl-PL","potentialAction":[{"@type":"ReadAction","target":["https:\/\/martomedica.pl\/"]}]},{"@type":"ImageObject","inLanguage":"pl-PL","@id":"https:\/\/martomedica.pl\/#primaryimage","url":"https:\/\/martomedica.pl\/wp-content\/uploads\/2018\/08\/IMG_20180809_222502.jpg","contentUrl":"https:\/\/martomedica.pl\/wp-content\/uploads\/2018\/08\/IMG_20180809_222502.jpg","width":1419,"height":1080,"caption":"Martomedica - gabinet"},{"@type":"BreadcrumbList","@id":"https:\/\/martomedica.pl\/#breadcrumb","itemListElement":[{"@type":"ListItem","position":1,"name":"Strona g\u0142\u00f3wna","item":"https:\/\/martomedica.pl\/"},{"@type":"ListItem","position":2,"name":"Home"}]},{"@type":"WebSite","@id":"https:\/\/martomedica.pl\/#website","url":"https:\/\/martomedica.pl\/","name":"Martomedica","description":"Stomatologia","potentialAction":[{"@type":"SearchAction","target":{"@type":"EntryPoint","urlTemplate":"https:\/\/martomedica.pl\/?s={search_term_string}"},"query-input":{"@type":"PropertyValueSpecification","valueRequired":true,"valueName":"search_term_string"}}],"inLanguage":"pl-PL"}]}},"zion_builder_status":true,"_links":{"self":[{"href":"https:\/\/martomedica.pl\/wp-json\/wp\/v2\/pages\/1299","targetHints":{"allow":["GET"]}}],"collection":[{"href":"https:\/\/martomedica.pl\/wp-json\/wp\/v2\/pages"}],"about":[{"href":"https:\/\/martomedica.pl\/wp-json\/wp\/v2\/types\/page"}],"author":[{"embeddable":true,"href":"https:\/\/martomedica.pl\/wp-json\/wp\/v2\/users\/4"}],"replies":[{"embeddable":true,"href":"https:\/\/martomedica.pl\/wp-json\/wp\/v2\/comments?post=1299"}],"version-history":[{"count":150,"href":"https:\/\/martomedica.pl\/wp-json\/wp\/v2\/pages\/1299\/revisions"}],"predecessor-version":[{"id":1991,"href":"https:\/\/martomedica.pl\/wp-json\/wp\/v2\/pages\/1299\/revisions\/1991"}],"wp:attachment":[{"href":"https:\/\/martomedica.pl\/wp-json\/wp\/v2\/media?parent=1299"}],"curies":[{"name":"wp","href":"https:\/\/api.w.org\/{rel}","templated":true}]}}